{"id":279,"date":"2024-08-07T19:00:36","date_gmt":"2024-08-07T19:00:36","guid":{"rendered":"https:\/\/fdf-skoven.dk\/?page_id=279"},"modified":"2025-02-04T09:28:07","modified_gmt":"2025-02-04T09:28:07","slug":"pilte","status":"publish","type":"page","link":"https:\/\/fdf-tst.dk\/index.php\/pilte\/","title":{"rendered":"Pilte"},"content":{"rendered":"\n<div class=\"wp-block-columns is-layout-flex wp-container-core-columns-is-layout-28f84493 wp-block-columns-is-layout-flex\">\n<div class=\"wp-block-column is-layout-flow wp-block-column-is-layout-flow\" style=\"flex-basis:33.33%\">\n<figure class=\"wp-block-image size-full\"><img loading=\"lazy\" decoding=\"async\" width=\"500\" height=\"667\" src=\"https:\/\/fdf-tst.dk\/wp-content\/uploads\/2024\/08\/20230314_174303.jpg\" alt=\"\" class=\"wp-image-153\" srcset=\"https:\/\/fdf-tst.dk\/wp-content\/uploads\/2024\/08\/20230314_174303.jpg 500w, https:\/\/fdf-tst.dk\/wp-content\/uploads\/2024\/08\/20230314_174303-225x300.jpg 225w\" sizes=\"auto, (max-width: 500px) 100vw, 500px\" \/><\/figure>\n<\/div>\n\n\n\n<div class=\"wp-block-column is-layout-flow wp-block-column-is-layout-flow\" style=\"flex-basis:66.66%\">\n<p><em>G\u00e5r dit barn i 3. eller 4. klasse, bliver han eller hun pilt i FDF. Piltene holder m\u00f8de hver tirsdag klokken 17.00 &#8211; 18.15<\/em><em>\u00a0<\/em><\/p>\n\n\n\n<p>Som pilt kan dit barn blive sendt p\u00e5 spionl\u00f8b, v\u00e6re med til at bryde koder og opklare mysterier. Vi bygger vores egne s\u00e6bekassebiler, drager p\u00e5 eventyr og sover under \u00e5ben himmel p\u00e5 lejre.<\/p>\n<\/div>\n<\/div>\n\n\n\n<h2 class=\"wp-block-heading\">Piltenes ledere<\/h2>\n\n\n\n<div class=\"wp-block-columns is-layout-flex wp-container-core-columns-is-layout-28f84493 wp-block-columns-is-layout-flex\">\n<div class=\"wp-block-column is-layout-flow wp-block-column-is-layout-flow\">\n<h6 class=\"wp-block-heading\">Vivi Ehlers<\/h6>\n\n\n\n<p>v\u00e6ret FDF&#8217;er <br>Synes det sjoveste er fis og ballade<br><\/p>\n<\/div>\n\n\n\n<div class=\"wp-block-column is-layout-flow wp-block-column-is-layout-flow\">\n<h6 class=\"wp-block-heading\">Rikke<\/h6>\n\n\n\n<p>Har v\u00e6ret FDF&#8217;er i 12 \u00e5r<br>Synes det sjoveste er&#8230; <br><\/p>\n<\/div>\n<\/div>\n\n\n\n<pre class=\"wp-block-code\"><code>\n<iframe loading=\"lazy\" src=\"https:\/\/calendar.google.com\/calendar\/embed?src=c_b0510d9114e7bddf0951d51273cd74cc9a52e59ce9dc7989bfadf113570f249e%40group.calendar.google.com&#038;ctz=Europe%2FCopenhagen\" style=\"border: 0\" width=\"600\" height=\"400\" frameborder=\"0\" scrolling=\"no\"><\/iframe>\n\n<\/code><\/pre>\n\n\n\n<div class=\"wp-block-columns is-layout-flex wp-container-core-columns-is-layout-28f84493 wp-block-columns-is-layout-flex\">\n<div class=\"wp-block-column is-layout-flow wp-block-column-is-layout-flow\" style=\"flex-basis:66.66%\">\n<h6 class=\"wp-block-heading\">Ledere med noget p\u00e5 hjertet<\/h6>\n\n\n\n<p>I FDF st\u00e5r frivillige ledere klar til at byde dit barn velkommen til sjove og fantasifulde aktiviteter hver uge. Alle ledere i FDF er over 18 \u00e5r, de&nbsp;tager ansvar til de ugentlige m\u00f8der og har blik for det enkelte barns trivsel i f\u00e6llesskabet.<\/p>\n<\/div>\n\n\n\n<div class=\"wp-block-column is-layout-flow wp-block-column-is-layout-flow\" style=\"flex-basis:33.33%\">\n<figure class=\"wp-block-image size-full\"><img loading=\"lazy\" decoding=\"async\" width=\"500\" height=\"667\" src=\"https:\/\/fdf-tst.dk\/wp-content\/uploads\/2024\/08\/20220830_174453.jpg\" alt=\"\" class=\"wp-image-151\" srcset=\"https:\/\/fdf-tst.dk\/wp-content\/uploads\/2024\/08\/20220830_174453.jpg 500w, https:\/\/fdf-tst.dk\/wp-content\/uploads\/2024\/08\/20220830_174453-225x300.jpg 225w\" sizes=\"auto, (max-width: 500px) 100vw, 500px\" \/><\/figure>\n<\/div>\n<\/div>\n","protected":false},"excerpt":{"rendered":"<p>G\u00e5r dit barn i 3. eller 4. klasse, bliver han eller hun pilt i FDF. Piltene holder m\u00f8de hver tirsdag klokken 17.00 &#8211; 18.15\u00a0 Som pilt kan dit barn blive sendt p\u00e5 spionl\u00f8b, v\u00e6re med til at bryde koder og opklare mysterier. Vi bygger vores egne s\u00e6bekassebiler, drager p\u00e5 eventyr og sover under \u00e5ben himmel [&hellip;]<\/p>\n","protected":false},"author":1,"featured_media":0,"parent":0,"menu_order":0,"comment_status":"closed","ping_status":"closed","template":"","meta":{"footnotes":""},"class_list":["post-279","page","type-page","status-publish","hentry"],"_links":{"self":[{"href":"https:\/\/fdf-tst.dk\/index.php\/wp-json\/wp\/v2\/pages\/279","targetHints":{"allow":["GET"]}}],"collection":[{"href":"https:\/\/fdf-tst.dk\/index.php\/wp-json\/wp\/v2\/pages"}],"about":[{"href":"https:\/\/fdf-tst.dk\/index.php\/wp-json\/wp\/v2\/types\/page"}],"author":[{"embeddable":true,"href":"https:\/\/fdf-tst.dk\/index.php\/wp-json\/wp\/v2\/users\/1"}],"replies":[{"embeddable":true,"href":"https:\/\/fdf-tst.dk\/index.php\/wp-json\/wp\/v2\/comments?post=279"}],"version-history":[{"count":4,"href":"https:\/\/fdf-tst.dk\/index.php\/wp-json\/wp\/v2\/pages\/279\/revisions"}],"predecessor-version":[{"id":493,"href":"https:\/\/fdf-tst.dk\/index.php\/wp-json\/wp\/v2\/pages\/279\/revisions\/493"}],"wp:attachment":[{"href":"https:\/\/fdf-tst.dk\/index.php\/wp-json\/wp\/v2\/media?parent=279"}],"curies":[{"name":"wp","href":"https:\/\/api.w.org\/{rel}","templated":true}]}}