{"id":283,"date":"2024-08-07T08:24:01","date_gmt":"2024-08-07T08:24:01","guid":{"rendered":"https:\/\/fdf-skoven.dk\/?page_id=283"},"modified":"2024-11-03T14:31:41","modified_gmt":"2024-11-03T14:31:41","slug":"familiefdf","status":"publish","type":"page","link":"https:\/\/fdf-tst.dk\/index.php\/familiefdf\/","title":{"rendered":"FamilieFDF"},"content":{"rendered":"\n<div class=\"wp-block-columns is-layout-flex wp-container-core-columns-is-layout-28f84493 wp-block-columns-is-layout-flex\">\n<div class=\"wp-block-column is-layout-flow wp-block-column-is-layout-flow\" style=\"flex-basis:33.33%\">\n<figure class=\"wp-block-image size-full\"><img loading=\"lazy\" decoding=\"async\" width=\"827\" height=\"827\" src=\"https:\/\/fdf-tst.dk\/wp-content\/uploads\/2024\/06\/Logomednavn-1.png\" alt=\"\" class=\"wp-image-20\" srcset=\"https:\/\/fdf-tst.dk\/wp-content\/uploads\/2024\/06\/Logomednavn-1.png 827w, https:\/\/fdf-tst.dk\/wp-content\/uploads\/2024\/06\/Logomednavn-1-300x300.png 300w, https:\/\/fdf-tst.dk\/wp-content\/uploads\/2024\/06\/Logomednavn-1-150x150.png 150w, https:\/\/fdf-tst.dk\/wp-content\/uploads\/2024\/06\/Logomednavn-1-768x768.png 768w\" sizes=\"auto, (max-width: 827px) 100vw, 827px\" \/><\/figure>\n<\/div>\n\n\n\n<div class=\"wp-block-column is-layout-flow wp-block-column-is-layout-flow\" style=\"flex-basis:66.66%\">\n<p><em>Er dit barn 3-5 \u00e5r, kan han eller hun komme til FamilieFDF med en voksen.<br>Vi m\u00f8des den f\u00f8rste l\u00f8rdag i m\u00e5neden i september, oktober, marts, april, maj og juni.<\/em><\/p>\n\n\n\n<p>Som FamilieFDF\u2019er kommer du til at bruge tid p\u00e5 at lege i naturen sammen med barnet. Vi finder dyrespor eller bygger huler, g\u00e5r p\u00e5 opdagelse i naturen eller rister skumfiduser over b\u00e5l.<\/p>\n\n\n\n<p>Da vi ofte er udenfor, er det altid en god id\u00e9 at have varmt t\u00f8j med.<\/p>\n<\/div>\n<\/div>\n\n\n\n<h2 class=\"wp-block-heading\">FamilieFDFs ledere<\/h2>\n\n\n\n<div class=\"wp-block-columns is-layout-flex wp-container-core-columns-is-layout-28f84493 wp-block-columns-is-layout-flex\">\n<div class=\"wp-block-column is-layout-flow wp-block-column-is-layout-flow\">\n<h6 class=\"wp-block-heading\">Jesper Tolberg Andersen<\/h6>\n\n\n\n<p>V\u00e6ret FDF&#8217;er i 25 \u00e5r<br>\u00c5rgang 1988<br>Synes det sjoveste er dyrespor<br><br><\/p>\n<\/div>\n\n\n\n<div class=\"wp-block-column is-layout-flow wp-block-column-is-layout-flow\">\n<h6 class=\"wp-block-heading\">Sofie S\u00f8rensen<\/h6>\n\n\n\n<p>V\u00e6ret FDF&#8217;er i 8 \u00e5r<br>\u00c5rgang 2008<br>Synes det sjoveste er skumfiduser<br><\/p>\n<\/div>\n<\/div>\n\n\n\n<pre class=\"wp-block-code\"><code>\n<iframe loading=\"lazy\" src=\"https:\/\/calendar.google.com\/calendar\/embed?src=c_37fd63de5cc3fde2f18c8dd061c4c9a5a075d28cec6304354f83fc9703bf88b9%40group.calendar.google.com&#038;ctz=Europe%2FCopenhagen\" style=\"border: 0\" width=\"800\" height=\"600\" frameborder=\"0\" scrolling=\"no\"><\/iframe>\n\n<\/code><\/pre>\n\n\n\n<div class=\"wp-block-columns is-layout-flex wp-container-core-columns-is-layout-28f84493 wp-block-columns-is-layout-flex\">\n<div class=\"wp-block-column is-layout-flow wp-block-column-is-layout-flow\">\n<figure class=\"wp-block-image size-full\"><img loading=\"lazy\" decoding=\"async\" width=\"500\" height=\"667\" src=\"https:\/\/fdf-tst.dk\/wp-content\/uploads\/2024\/08\/20220830_174453.jpg\" alt=\"\" class=\"wp-image-151\" srcset=\"https:\/\/fdf-tst.dk\/wp-content\/uploads\/2024\/08\/20220830_174453.jpg 500w, https:\/\/fdf-tst.dk\/wp-content\/uploads\/2024\/08\/20220830_174453-225x300.jpg 225w\" sizes=\"auto, (max-width: 500px) 100vw, 500px\" \/><\/figure>\n<\/div>\n\n\n\n<div class=\"wp-block-column is-layout-flow wp-block-column-is-layout-flow\">\n<h6 class=\"wp-block-heading\">Ledere med noget p\u00e5 hjertet<\/h6>\n\n\n\n<p>I FDF st\u00e5r frivillige ledere klar til at byde dit barn velkommen til sjove og fantasifulde aktiviteter hver uge. Alle ledere i FDF er over 18 \u00e5r, de&nbsp;tager ansvar til de ugentlige m\u00f8der og har blik for det enkelte barns trivsel i f\u00e6llesskabet.<\/p>\n<\/div>\n<\/div>\n\n\n\n<p><\/p>\n","protected":false},"excerpt":{"rendered":"<p>Er dit barn 3-5 \u00e5r, kan han eller hun komme til FamilieFDF med en voksen.Vi m\u00f8des den f\u00f8rste l\u00f8rdag i m\u00e5neden i september, oktober, marts, april, maj og juni. Som FamilieFDF\u2019er kommer du til at bruge tid p\u00e5 at lege i naturen sammen med barnet. Vi finder dyrespor eller bygger huler, g\u00e5r p\u00e5 opdagelse i [&hellip;]<\/p>\n","protected":false},"author":1,"featured_media":0,"parent":0,"menu_order":0,"comment_status":"closed","ping_status":"closed","template":"","meta":{"footnotes":""},"class_list":["post-283","page","type-page","status-publish","hentry"],"_links":{"self":[{"href":"https:\/\/fdf-tst.dk\/index.php\/wp-json\/wp\/v2\/pages\/283","targetHints":{"allow":["GET"]}}],"collection":[{"href":"https:\/\/fdf-tst.dk\/index.php\/wp-json\/wp\/v2\/pages"}],"about":[{"href":"https:\/\/fdf-tst.dk\/index.php\/wp-json\/wp\/v2\/types\/page"}],"author":[{"embeddable":true,"href":"https:\/\/fdf-tst.dk\/index.php\/wp-json\/wp\/v2\/users\/1"}],"replies":[{"embeddable":true,"href":"https:\/\/fdf-tst.dk\/index.php\/wp-json\/wp\/v2\/comments?post=283"}],"version-history":[{"count":2,"href":"https:\/\/fdf-tst.dk\/index.php\/wp-json\/wp\/v2\/pages\/283\/revisions"}],"predecessor-version":[{"id":481,"href":"https:\/\/fdf-tst.dk\/index.php\/wp-json\/wp\/v2\/pages\/283\/revisions\/481"}],"wp:attachment":[{"href":"https:\/\/fdf-tst.dk\/index.php\/wp-json\/wp\/v2\/media?parent=283"}],"curies":[{"name":"wp","href":"https:\/\/api.w.org\/{rel}","templated":true}]}}