{"id":288,"date":"2024-08-07T19:16:04","date_gmt":"2024-08-07T19:16:04","guid":{"rendered":"https:\/\/fdf-skoven.dk\/?page_id=288"},"modified":"2025-10-24T15:39:45","modified_gmt":"2025-10-24T14:39:45","slug":"puslinge-tumlinge","status":"publish","type":"page","link":"https:\/\/fdf-tst.dk\/index.php\/puslinge-tumlinge\/","title":{"rendered":"Puslinge\/Tumlinge"},"content":{"rendered":"\n<div class=\"wp-block-columns is-layout-flex wp-container-core-columns-is-layout-28f84493 wp-block-columns-is-layout-flex\">\n<div class=\"wp-block-column is-layout-flow wp-block-column-is-layout-flow\" style=\"flex-basis:66.66%\">\n<p>G\u00e5r dit barn i b\u00f8rnehaveklasse, 1. eller 2. klasse, kan de tilknyttes Puslinge\/Tumlinge gruppen. <\/p>\n\n\n\n<p>Vi har oprettet et nyt hold, s\u00e5 flere har mulighed for at g\u00e5 til FDF. <br><em><strong>onsdage fra 15.30 til 17.00. <\/strong><\/em><br>Der er mulighed for at aftale afhentning fra Tallerupskolens SFO. <br>Kontakt os for n\u00e6rmere information. <\/p>\n\n\n\n<p>Som Pusling\/Tumling kommer dit barn til at l\u00e6re at forst\u00e5 og bruge naturen. <br>Vi l\u00e6gger stor v\u00e6gt p\u00e5 at dit barn l\u00e6rer at v\u00e6re i naturen, hele \u00e5ret. <\/p>\n\n\n\n<p>Der bruges tid p\u00e5 at lege, g\u00e5 p\u00e5 opdagelser og udforske naturen. <br>Der er frie rammer og h\u00f8jt til himlen med god plads til alle. Vi l\u00e6gger stor v\u00e6gt p\u00e5 at man l\u00e6rer at samarbejde og lege p\u00e5 kryds og tv\u00e6rs af b\u00e5de alder og k\u00f8n.<\/p>\n<\/div>\n\n\n\n<div class=\"wp-block-column is-layout-flow wp-block-column-is-layout-flow\" style=\"flex-basis:33.33%\">\n<figure class=\"wp-block-image size-full\"><img loading=\"lazy\" decoding=\"async\" width=\"500\" height=\"667\" src=\"https:\/\/fdf-tst.dk\/wp-content\/uploads\/2024\/08\/20230418_175804.jpg\" alt=\"\" class=\"wp-image-156\" srcset=\"https:\/\/fdf-tst.dk\/wp-content\/uploads\/2024\/08\/20230418_175804.jpg 500w, https:\/\/fdf-tst.dk\/wp-content\/uploads\/2024\/08\/20230418_175804-225x300.jpg 225w\" sizes=\"auto, (max-width: 500px) 100vw, 500px\" \/><\/figure>\n\n\n\n<div class=\"wp-block-buttons is-layout-flex wp-block-buttons-is-layout-flex\">\n<div class=\"wp-block-button\"><a class=\"wp-block-button__link wp-element-button\" href=\"https:\/\/docs.google.com\/forms\/d\/e\/1FAIpQLScGYOpAU7HBK5LAba3cJ2zA3V-0yMYvnK0omtXQeicUMqZ8tQ\/viewform?usp=sharing&amp;ouid=112213969581040916260\" target=\"_blank\" rel=\"noreferrer noopener\">Skal vi hente dit barn i Tallerupskolens SFO?<\/a><\/div>\n<\/div>\n<\/div>\n<\/div>\n\n\n\n<div class=\"wp-block-columns is-layout-flex wp-container-core-columns-is-layout-28f84493 wp-block-columns-is-layout-flex\">\n<div class=\"wp-block-column is-layout-flow wp-block-column-is-layout-flow\">\n<div class=\"wp-block-contact-form-7-contact-form-selector\">\n<div class=\"wpcf7 no-js\" id=\"wpcf7-f470-o1\" lang=\"da-DK\" dir=\"ltr\" data-wpcf7-id=\"470\">\n<div class=\"screen-reader-response\"><p role=\"status\" aria-live=\"polite\" aria-atomic=\"true\"><\/p> <ul><\/ul><\/div>\n<form action=\"\/index.php\/wp-json\/wp\/v2\/pages\/288#wpcf7-f470-o1\" method=\"post\" class=\"wpcf7-form init\" aria-label=\"Kontaktformular\" novalidate=\"novalidate\" data-status=\"init\">\n<fieldset class=\"hidden-fields-container\"><input type=\"hidden\" name=\"_wpcf7\" value=\"470\" \/><input type=\"hidden\" name=\"_wpcf7_version\" value=\"6.1.5\" \/><input type=\"hidden\" name=\"_wpcf7_locale\" value=\"da_DK\" \/><input type=\"hidden\" name=\"_wpcf7_unit_tag\" value=\"wpcf7-f470-o1\" \/><input type=\"hidden\" name=\"_wpcf7_container_post\" value=\"0\" \/><input type=\"hidden\" name=\"_wpcf7_posted_data_hash\" value=\"\" \/>\n<\/fieldset>\n<p><label> Dit navn<br \/>\n<span class=\"wpcf7-form-control-wrap\" data-name=\"your-name\"><input size=\"40\" maxlength=\"400\" class=\"wpcf7-form-control wpcf7-text wpcf7-validates-as-required\" autocomplete=\"name\" aria-required=\"true\" aria-invalid=\"false\" value=\"\" type=\"text\" name=\"your-name\" \/><\/span> <\/label>\n<\/p>\n<p><label> Din e-mail<br \/>\n<span class=\"wpcf7-form-control-wrap\" data-name=\"your-email\"><input size=\"40\" maxlength=\"400\" class=\"wpcf7-form-control wpcf7-email wpcf7-validates-as-required wpcf7-text wpcf7-validates-as-email\" autocomplete=\"email\" aria-required=\"true\" aria-invalid=\"false\" value=\"\" type=\"email\" name=\"your-email\" \/><\/span> <\/label>\n<\/p>\n<p><label> Emne<br \/>\n<span class=\"wpcf7-form-control-wrap\" data-name=\"your-subject\"><input size=\"40\" maxlength=\"400\" class=\"wpcf7-form-control wpcf7-text wpcf7-validates-as-required\" aria-required=\"true\" aria-invalid=\"false\" value=\"\" type=\"text\" name=\"your-subject\" \/><\/span> <\/label>\n<\/p>\n<p><label> Din besked (valgfri)<br \/>\n<span class=\"wpcf7-form-control-wrap\" data-name=\"your-message\"><textarea cols=\"40\" rows=\"10\" maxlength=\"2000\" class=\"wpcf7-form-control wpcf7-textarea\" aria-invalid=\"false\" name=\"your-message\"><\/textarea><\/span> <\/label>\n<\/p>\n<p><input class=\"wpcf7-form-control wpcf7-submit has-spinner\" type=\"submit\" value=\"Send\" \/>\n<\/p><div class=\"wpcf7-response-output\" aria-hidden=\"true\"><\/div>\n<\/form>\n<\/div>\n<\/div>\n<\/div>\n\n\n\n<div class=\"wp-block-column is-layout-flow wp-block-column-is-layout-flow\">\n<div class=\"wp-block-buttons is-layout-flex wp-block-buttons-is-layout-flex\">\n<div class=\"wp-block-button\"><a class=\"wp-block-button__link wp-element-button\" href=\"https:\/\/medlem.fdf.dk\/member\/signup\/member\/349\" target=\"_blank\" rel=\"noreferrer noopener\">Indmeldelsesblanket <br>Til Puslinge<br>Tumlinge gruppen<\/a><\/div>\n<\/div>\n<\/div>\n<\/div>\n\n\n\n<pre class=\"wp-block-code\"><code>\n\n<iframe loading=\"lazy\" src=\"https:\/\/calendar.google.com\/calendar\/embed?src=c_08a060555472236650dcae916214094ba3e319d87e2160bad72d10e147113a3a%40group.calendar.google.com&#038;ctz=Europe%2FCopenhagen\" style=\"border: 0\" width=\"800\" height=\"600\" frameborder=\"0\" scrolling=\"no\"><\/iframe>\n\n<\/code><\/pre>\n\n\n\n<div class=\"wp-block-columns is-layout-flex wp-container-core-columns-is-layout-28f84493 wp-block-columns-is-layout-flex\">\n<div class=\"wp-block-column is-layout-flow wp-block-column-is-layout-flow\" style=\"flex-basis:33.33%\">\n<figure class=\"wp-block-image size-full\"><img loading=\"lazy\" decoding=\"async\" width=\"500\" height=\"667\" src=\"https:\/\/fdf-tst.dk\/wp-content\/uploads\/2024\/08\/20220830_174453.jpg\" alt=\"\" class=\"wp-image-151\" srcset=\"https:\/\/fdf-tst.dk\/wp-content\/uploads\/2024\/08\/20220830_174453.jpg 500w, https:\/\/fdf-tst.dk\/wp-content\/uploads\/2024\/08\/20220830_174453-225x300.jpg 225w\" sizes=\"auto, (max-width: 500px) 100vw, 500px\" \/><\/figure>\n<\/div>\n\n\n\n<div class=\"wp-block-column is-layout-flow wp-block-column-is-layout-flow\" style=\"flex-basis:66.66%\">\n<h6 class=\"wp-block-heading\">Ledere med noget p\u00e5 hjertet<\/h6>\n\n\n\n<p>I FDF st\u00e5r frivillige ledere klar til at byde dit barn velkommen til sjove og fantasifulde aktiviteter hver uge. Alle ledere i FDF er over 18 \u00e5r, de&nbsp;tager ansvar til de ugentlige m\u00f8der og har blik for det enkelte barns trivsel i f\u00e6llesskabet.<\/p>\n<\/div>\n<\/div>\n\n\n\n<p><\/p>\n","protected":false},"excerpt":{"rendered":"<p>G\u00e5r dit barn i b\u00f8rnehaveklasse, 1. eller 2. klasse, kan de tilknyttes Puslinge\/Tumlinge gruppen. Vi har oprettet et nyt hold, s\u00e5 flere har mulighed for at g\u00e5 til FDF. onsdage fra 15.30 til 17.00. Der er mulighed for at aftale afhentning fra Tallerupskolens SFO. Kontakt os for n\u00e6rmere information. Som Pusling\/Tumling kommer dit barn til [&hellip;]<\/p>\n","protected":false},"author":1,"featured_media":0,"parent":0,"menu_order":0,"comment_status":"closed","ping_status":"closed","template":"","meta":{"footnotes":""},"class_list":["post-288","page","type-page","status-publish","hentry"],"_links":{"self":[{"href":"https:\/\/fdf-tst.dk\/index.php\/wp-json\/wp\/v2\/pages\/288","targetHints":{"allow":["GET"]}}],"collection":[{"href":"https:\/\/fdf-tst.dk\/index.php\/wp-json\/wp\/v2\/pages"}],"about":[{"href":"https:\/\/fdf-tst.dk\/index.php\/wp-json\/wp\/v2\/types\/page"}],"author":[{"embeddable":true,"href":"https:\/\/fdf-tst.dk\/index.php\/wp-json\/wp\/v2\/users\/1"}],"replies":[{"embeddable":true,"href":"https:\/\/fdf-tst.dk\/index.php\/wp-json\/wp\/v2\/comments?post=288"}],"version-history":[{"count":14,"href":"https:\/\/fdf-tst.dk\/index.php\/wp-json\/wp\/v2\/pages\/288\/revisions"}],"predecessor-version":[{"id":686,"href":"https:\/\/fdf-tst.dk\/index.php\/wp-json\/wp\/v2\/pages\/288\/revisions\/686"}],"wp:attachment":[{"href":"https:\/\/fdf-tst.dk\/index.php\/wp-json\/wp\/v2\/media?parent=288"}],"curies":[{"name":"wp","href":"https:\/\/api.w.org\/{rel}","templated":true}]}}