{"id":460,"date":"2024-08-14T11:11:15","date_gmt":"2024-08-14T11:11:15","guid":{"rendered":"https:\/\/fdf-tst.dk\/?page_id=460"},"modified":"2024-08-14T11:11:15","modified_gmt":"2024-08-14T11:11:15","slug":"samvaerspolitik","status":"publish","type":"page","link":"https:\/\/fdf-tst.dk\/index.php\/samvaerspolitik\/","title":{"rendered":"Samv\u00e6rspolitik"},"content":{"rendered":"\n<p class=\"has-text-align-right\">Sidst opdateret d. 12\/8-2024<\/p>\n\n\n\n<p class=\"has-text-align-left\">Dette er g\u00e6ldende i sammenh\u00e6ng med de ugentlige m\u00f8der, lejre og andre arrangementer i FDF Tommerup St.\u00a0<\/p>\n\n\n\n<p>Voksen defineres som personer p\u00e5 18 \u00e5r eller \u00e6ldre.&nbsp;<\/p>\n\n\n\n<h6 class=\"wp-block-heading\">Soveforhold<\/h6>\n\n\n\n<p>I respekt for den enkeltes bluf\u00e6rdighedsgr\u00e6nser sover personer af forskellige k\u00f8n hver for sig. I praksis vil det sige i hvert deres soverum, telt eller bivuak. P\u00e5 samme m\u00e5de skal voksne og deltagere sove hver for sig. Der kan v\u00e6re omst\u00e6ndigheder, hvor der kan afviges fra dette. Her er det voksnes ansvar at sikre, at overnatningen foreg\u00e5r under hensyntagen til alle.<\/p>\n\n\n\n<h6 class=\"wp-block-heading\"><strong><br>Bade- og toiletforhold<\/strong><\/h6>\n\n\n\n<p>I respekt for den enkeltes bluf\u00e6rdighedsgr\u00e6nser skal det v\u00e6re muligt at omkl\u00e6de alene eller sammen med deltagere af samme biologiske k\u00f8n. Ved et almindeligt bad uden t\u00f8j p\u00e5 bader voksne ikke sammen med deltagere af modsatte biologiske k\u00f8n, ligesom voksne kun bader sammen med deltagere af samme biologiske k\u00f8n, hvis der er mere end \u00e9n voksen til stede.<\/p>\n\n\n\n<h6 class=\"wp-block-heading\"><strong>Forhold&nbsp;<\/strong><\/h6>\n\n\n\n<p>Ingen voksne m\u00e5 have et forhold til en deltager p\u00e5 et arrangement. Det g\u00e6lder uanset alderen p\u00e5 parterne.&nbsp;<\/p>\n\n\n\n<p>Man m\u00e5, som leder, ikke have et forhold til medlemmer under 18 \u00e5r.&nbsp;<\/p>\n\n\n\n<h6 class=\"wp-block-heading\"><strong>Brugen af sociale medier<\/strong><\/h6>\n\n\n\n<p>Den voksne leder bruger ikke sociale medier under de ugentlige m\u00f8der og er en god rollemodel for sunde relationer p\u00e5 de sociale medier.<br>Ved brug af billeder fra kredsen, er det den voksnes ansvar, at billederne ikke forulemper de fotograferede og ellers overholder reglerne for deling af billeder og g\u00e6ldende GDPR.&nbsp;<\/p>\n\n\n\n<h6 class=\"wp-block-heading\"><strong>Indtagelse af rusmidler og nikotinprodukter<\/strong><\/h6>\n\n\n\n<p>Ingen former for rusmidler, alkohol eller tobaks- og nikotinanvendelse\u00a0i samv\u00e6r med b\u00f8rn og unge er acceptabelt p\u00e5 vores grund og\u00a0tilh\u00f8rende samlingssteder.\u00a0<\/p>\n\n\n\n<h6 class=\"wp-block-heading\">Sprogbrug<\/h6>\n\n\n\n<p>I FDF bruger vi et ordentligt og respektfuld sprogbrug.<\/p>\n\n\n\n<h6 class=\"wp-block-heading\"><strong>B\u00f8rneattest<\/strong><\/h6>\n\n\n\n<p>Der indhentes b\u00f8rneattest p\u00e5 alle medlemmer af kreds og bestyrelsesmedlemmer over 15 \u00e5r. Ved overnatninger, hvor der ogs\u00e5 bruges hj\u00e6lp fra for\u00e6ldrekredsen, indhentes b\u00f8rneattest p\u00e5 disse efter g\u00e6ldende regler.&nbsp;<\/p>\n\n\n\n<h6 class=\"wp-block-heading\"><strong>Alkoholpolitik<\/strong><\/h6>\n\n\n\n<p>Der bliver ikke tilbudt alkohol til arrangementer eller lejre i den officielle FDF sammenh\u00e6ng. Hverken til b\u00f8rn eller voksne.<\/p>\n","protected":false},"excerpt":{"rendered":"<p>Sidst opdateret d. 12\/8-2024 Dette er g\u00e6ldende i sammenh\u00e6ng med de ugentlige m\u00f8der, lejre og andre arrangementer i FDF Tommerup St.\u00a0 Voksen defineres som personer p\u00e5 18 \u00e5r eller \u00e6ldre.&nbsp; Soveforhold I respekt for den enkeltes bluf\u00e6rdighedsgr\u00e6nser sover personer af forskellige k\u00f8n hver for sig. I praksis vil det sige i hvert deres soverum, telt [&hellip;]<\/p>\n","protected":false},"author":1,"featured_media":0,"parent":0,"menu_order":0,"comment_status":"closed","ping_status":"closed","template":"","meta":{"footnotes":""},"class_list":["post-460","page","type-page","status-publish","hentry"],"_links":{"self":[{"href":"https:\/\/fdf-tst.dk\/index.php\/wp-json\/wp\/v2\/pages\/460","targetHints":{"allow":["GET"]}}],"collection":[{"href":"https:\/\/fdf-tst.dk\/index.php\/wp-json\/wp\/v2\/pages"}],"about":[{"href":"https:\/\/fdf-tst.dk\/index.php\/wp-json\/wp\/v2\/types\/page"}],"author":[{"embeddable":true,"href":"https:\/\/fdf-tst.dk\/index.php\/wp-json\/wp\/v2\/users\/1"}],"replies":[{"embeddable":true,"href":"https:\/\/fdf-tst.dk\/index.php\/wp-json\/wp\/v2\/comments?post=460"}],"version-history":[{"count":1,"href":"https:\/\/fdf-tst.dk\/index.php\/wp-json\/wp\/v2\/pages\/460\/revisions"}],"predecessor-version":[{"id":461,"href":"https:\/\/fdf-tst.dk\/index.php\/wp-json\/wp\/v2\/pages\/460\/revisions\/461"}],"wp:attachment":[{"href":"https:\/\/fdf-tst.dk\/index.php\/wp-json\/wp\/v2\/media?parent=460"}],"curies":[{"name":"wp","href":"https:\/\/api.w.org\/{rel}","templated":true}]}}