{"id":48,"date":"2024-06-05T14:19:20","date_gmt":"2024-06-05T14:19:20","guid":{"rendered":"https:\/\/fdf-skoven.dk\/?page_id=48"},"modified":"2025-08-20T15:12:04","modified_gmt":"2025-08-20T15:12:04","slug":"booking","status":"publish","type":"page","link":"https:\/\/fdf-tst.dk\/index.php\/booking\/","title":{"rendered":"Booking"},"content":{"rendered":"\n<p>Der er mulighed for at l\u00e5ne vores store b\u00e5lhytte og vores shelterplads. <\/p>\n\n\n\n<div class=\"wp-block-columns is-layout-flex wp-container-core-columns-is-layout-28f84493 wp-block-columns-is-layout-flex\">\n<div class=\"wp-block-column is-layout-flow wp-block-column-is-layout-flow\" style=\"flex-basis:33.33%\">\n<figure class=\"wp-block-image size-full\"><img loading=\"lazy\" decoding=\"async\" width=\"500\" height=\"667\" src=\"https:\/\/fdf-tst.dk\/wp-content\/uploads\/2024\/08\/20230307_180139.jpg\" alt=\"\" class=\"wp-image-152\" srcset=\"https:\/\/fdf-tst.dk\/wp-content\/uploads\/2024\/08\/20230307_180139.jpg 500w, https:\/\/fdf-tst.dk\/wp-content\/uploads\/2024\/08\/20230307_180139-225x300.jpg 225w\" sizes=\"auto, (max-width: 500px) 100vw, 500px\" \/><\/figure>\n<\/div>\n\n\n\n<div class=\"wp-block-column is-layout-flow wp-block-column-is-layout-flow\" style=\"flex-basis:66.66%\">\n<p>Vores shelterplads best\u00e5r af to sm\u00e5 shelters med plads til 4-5 personer i hver og et stort shelter i midten med plads til 6-8 personer. <\/p>\n\n\n\n<p>P\u00e5 shelterpladsen er der et stort bord\/b\u00e6nke s\u00e6t og k\u00f8kkenbord med st\u00e5lplads. <\/p>\n\n\n\n<p>Det er IKKE tilladt at have b\u00e5l i skoven, da det er en fredskov, men madlavning kan eventuelt foreg\u00e5 i b\u00e5lhytten p\u00e5 grunden eller p\u00e5 trangria p\u00e5 brandfast underlag. <\/p>\n\n\n\n<p>I tilknytning til shelterpladsen, er der ogs\u00e5 et multtoilet. <\/p>\n<\/div>\n<\/div>\n\n\n\n<div class=\"wp-block-columns is-layout-flex wp-container-core-columns-is-layout-28f84493 wp-block-columns-is-layout-flex\">\n<div class=\"wp-block-column is-layout-flow wp-block-column-is-layout-flow\" style=\"flex-basis:66.66%\">\n<p>Vores store b\u00e5lhytte danner rammen om de fleste arrangementer vi afvikler p\u00e5 grunden. <\/p>\n\n\n\n<p>Den er opf\u00f8rt i 2022 og har fast flisebund og borde\/b\u00e6nkes\u00e6t til omkring 40 personer. <\/p>\n\n\n\n<p>Der er opsat k\u00f8kkenborde, s\u00e5 der er mulighed for at lave mad i en st\u00f8rre gruppe og i midten af b\u00e5lhytten er der et fast b\u00e5lsted. Det er kun her, der m\u00e5 laves b\u00e5l. <br>Der er IKKE mulighed for str\u00f8m eller vand p\u00e5 omr\u00e5det. Hverken shelterplads eller b\u00e5lhytten.<br>Ved b\u00e5l, skal vi have en mail med ansvarshavende voksne. L\u00e6s i\u00f8vrigt vores<a href=\"https:\/\/fdf-tst.dk\/index.php\/betingelser\/\" data-type=\"page\" data-id=\"328\"> betingelser<\/a><\/p>\n<\/div>\n\n\n\n<div class=\"wp-block-column is-layout-flow wp-block-column-is-layout-flow\" style=\"flex-basis:33.33%\">\n<figure class=\"wp-block-image size-full is-resized\"><img loading=\"lazy\" decoding=\"async\" width=\"500\" height=\"375\" src=\"https:\/\/fdf-tst.dk\/wp-content\/uploads\/2024\/08\/baalhytte2.jpg\" alt=\"\" class=\"wp-image-158\" style=\"width:435px;height:auto\" srcset=\"https:\/\/fdf-tst.dk\/wp-content\/uploads\/2024\/08\/baalhytte2.jpg 500w, https:\/\/fdf-tst.dk\/wp-content\/uploads\/2024\/08\/baalhytte2-300x225.jpg 300w\" sizes=\"auto, (max-width: 500px) 100vw, 500px\" \/><\/figure>\n<\/div>\n<\/div>\n\n\n\n<div class=\"wp-block-contact-form-7-contact-form-selector\">\n<div class=\"wpcf7 no-js\" id=\"wpcf7-f470-o1\" lang=\"da-DK\" dir=\"ltr\" data-wpcf7-id=\"470\">\n<div class=\"screen-reader-response\"><p role=\"status\" aria-live=\"polite\" aria-atomic=\"true\"><\/p> <ul><\/ul><\/div>\n<form action=\"\/index.php\/wp-json\/wp\/v2\/pages\/48#wpcf7-f470-o1\" method=\"post\" class=\"wpcf7-form init\" aria-label=\"Kontaktformular\" novalidate=\"novalidate\" data-status=\"init\">\n<fieldset class=\"hidden-fields-container\"><input type=\"hidden\" name=\"_wpcf7\" value=\"470\" \/><input type=\"hidden\" name=\"_wpcf7_version\" value=\"6.1.5\" \/><input type=\"hidden\" name=\"_wpcf7_locale\" value=\"da_DK\" \/><input type=\"hidden\" name=\"_wpcf7_unit_tag\" value=\"wpcf7-f470-o1\" \/><input type=\"hidden\" name=\"_wpcf7_container_post\" value=\"0\" \/><input type=\"hidden\" name=\"_wpcf7_posted_data_hash\" value=\"\" \/>\n<\/fieldset>\n<p><label> Dit navn<br \/>\n<span class=\"wpcf7-form-control-wrap\" data-name=\"your-name\"><input size=\"40\" maxlength=\"400\" class=\"wpcf7-form-control wpcf7-text wpcf7-validates-as-required\" autocomplete=\"name\" aria-required=\"true\" aria-invalid=\"false\" value=\"\" type=\"text\" name=\"your-name\" \/><\/span> <\/label>\n<\/p>\n<p><label> Din e-mail<br \/>\n<span class=\"wpcf7-form-control-wrap\" data-name=\"your-email\"><input size=\"40\" maxlength=\"400\" class=\"wpcf7-form-control wpcf7-email wpcf7-validates-as-required wpcf7-text wpcf7-validates-as-email\" autocomplete=\"email\" aria-required=\"true\" aria-invalid=\"false\" value=\"\" type=\"email\" name=\"your-email\" \/><\/span> <\/label>\n<\/p>\n<p><label> Emne<br \/>\n<span class=\"wpcf7-form-control-wrap\" data-name=\"your-subject\"><input size=\"40\" maxlength=\"400\" class=\"wpcf7-form-control wpcf7-text wpcf7-validates-as-required\" aria-required=\"true\" aria-invalid=\"false\" value=\"\" type=\"text\" name=\"your-subject\" \/><\/span> <\/label>\n<\/p>\n<p><label> Din besked (valgfri)<br \/>\n<span class=\"wpcf7-form-control-wrap\" data-name=\"your-message\"><textarea cols=\"40\" rows=\"10\" maxlength=\"2000\" class=\"wpcf7-form-control wpcf7-textarea\" aria-invalid=\"false\" name=\"your-message\"><\/textarea><\/span> <\/label>\n<\/p>\n<p><input class=\"wpcf7-form-control wpcf7-submit has-spinner\" type=\"submit\" value=\"Send\" \/>\n<\/p><div class=\"wpcf7-response-output\" aria-hidden=\"true\"><\/div>\n<\/form>\n<\/div>\n<\/div>\n\n\n\n<p><\/p>\n","protected":false},"excerpt":{"rendered":"<p>Der er mulighed for at l\u00e5ne vores store b\u00e5lhytte og vores shelterplads. Vores shelterplads best\u00e5r af to sm\u00e5 shelters med plads til 4-5 personer i hver og et stort shelter i midten med plads til 6-8 personer. P\u00e5 shelterpladsen er der et stort bord\/b\u00e6nke s\u00e6t og k\u00f8kkenbord med st\u00e5lplads. Det er IKKE tilladt at have [&hellip;]<\/p>\n","protected":false},"author":1,"featured_media":0,"parent":0,"menu_order":0,"comment_status":"closed","ping_status":"closed","template":"","meta":{"footnotes":""},"class_list":["post-48","page","type-page","status-publish","hentry"],"_links":{"self":[{"href":"https:\/\/fdf-tst.dk\/index.php\/wp-json\/wp\/v2\/pages\/48","targetHints":{"allow":["GET"]}}],"collection":[{"href":"https:\/\/fdf-tst.dk\/index.php\/wp-json\/wp\/v2\/pages"}],"about":[{"href":"https:\/\/fdf-tst.dk\/index.php\/wp-json\/wp\/v2\/types\/page"}],"author":[{"embeddable":true,"href":"https:\/\/fdf-tst.dk\/index.php\/wp-json\/wp\/v2\/users\/1"}],"replies":[{"embeddable":true,"href":"https:\/\/fdf-tst.dk\/index.php\/wp-json\/wp\/v2\/comments?post=48"}],"version-history":[{"count":3,"href":"https:\/\/fdf-tst.dk\/index.php\/wp-json\/wp\/v2\/pages\/48\/revisions"}],"predecessor-version":[{"id":535,"href":"https:\/\/fdf-tst.dk\/index.php\/wp-json\/wp\/v2\/pages\/48\/revisions\/535"}],"wp:attachment":[{"href":"https:\/\/fdf-tst.dk\/index.php\/wp-json\/wp\/v2\/media?parent=48"}],"curies":[{"name":"wp","href":"https:\/\/api.w.org\/{rel}","templated":true}]}}