{"id":550,"date":"2025-08-21T06:56:47","date_gmt":"2025-08-21T06:56:47","guid":{"rendered":"https:\/\/fdf-tst.dk\/?page_id=550"},"modified":"2025-08-21T12:14:46","modified_gmt":"2025-08-21T12:14:46","slug":"mit-barn-paa-lejr","status":"publish","type":"page","link":"https:\/\/fdf-tst.dk\/index.php\/mit-barn-paa-lejr\/","title":{"rendered":"Mit barn p\u00e5 lejr?"},"content":{"rendered":"\n<div class=\"wp-block-columns is-layout-flex wp-container-core-columns-is-layout-28f84493 wp-block-columns-is-layout-flex\">\n<div class=\"wp-block-column is-layout-flow wp-block-column-is-layout-flow\" style=\"flex-basis:33.33%\"><\/div>\n\n\n\n<div class=\"wp-block-column is-layout-flow wp-block-column-is-layout-flow\" style=\"flex-basis:66.66%\">\n<p>Lejrture er noget af det bedste vi har i FDF. Det er her, vi f\u00e5r de store oplevelser. Det er her, der er mulighed for at lave st\u00f8rre ting, der tager lidt mere end den 1\u00bd time, vi har til r\u00e5dighed ved de ugentlige m\u00f8der. Vi er sammen l\u00e6nge og l\u00e6rer hinanden godt at kende. Det er de store lejre og ture, man husker resten af livet. N\u00e5r vi tager p\u00e5 lejr, er der en r\u00e6kke ting, du som for\u00e6ldre skal v\u00e6re opm\u00e6rksom p\u00e5 f\u00f8r, under og efter lejren. <\/p>\n<\/div>\n<\/div>\n\n\n\n<div class=\"wp-block-columns is-layout-flex wp-container-core-columns-is-layout-28f84493 wp-block-columns-is-layout-flex\">\n<div class=\"wp-block-column is-layout-flow wp-block-column-is-layout-flow\" style=\"flex-basis:66.66%\">\n<p><strong>Udstyr<\/strong><br>Det er vigtigt, at dit barn har det rigtige udstyr med. I deltagerbrevet er der ofte en liste en ting, der er gode at have med. S\u00f8rg s\u00e5 vidt muligt for at pakke tasken sammen med dit barn. S\u00e5 ved i begge, hvad der er med p\u00e5 turen. I skal v\u00e6re s\u00e6rligt opm\u00e6rksomme p\u00e5 at pakke f\u00f8lgende: <\/p>\n\n\n\n<p><strong>Regnt\u00f8j<\/strong>: Skal ALTID med. Uanset hvor god vejrudsigten er. Vores erfaring siger, at man sagtens kan gennemf\u00f8re en lejr i regnvejr, bare regnt\u00f8jet er af en god kvalitet. Hvis barnet ikke har ordentligt regnt\u00f8j med, kan det v\u00e6re alt\u00f8del\u00e6ggende for lejroplevelsen. <\/p>\n<\/div>\n\n\n\n<div class=\"wp-block-column is-layout-flow wp-block-column-is-layout-flow\" style=\"flex-basis:33.33%\"><\/div>\n<\/div>\n\n\n\n<div class=\"wp-block-columns is-layout-flex wp-container-core-columns-is-layout-28f84493 wp-block-columns-is-layout-flex\">\n<div class=\"wp-block-column is-layout-flow wp-block-column-is-layout-flow\" style=\"flex-basis:33.33%\"><\/div>\n\n\n\n<div class=\"wp-block-column is-layout-flow wp-block-column-is-layout-flow\" style=\"flex-basis:66.66%\">\n<p><strong>Skiftet\u00f8j<\/strong>: Det er vigtigt, at dit barn har minimum to s\u00e6t t\u00f8j med, s\u00e5 barnet kan skifte fra inderst til yderst, hvis behovet opst\u00e5r. Det er ikke n\u00f8dvendigt at have et komplet s\u00e6t t\u00f8j med til hver dag. Vi n\u00e5r hverken i bad eller skifter t\u00f8j hver dag. <\/p>\n\n\n\n<p><strong>Sovepose<\/strong>: Hvis barnet skal sove i telt, skal soveposen have en komfort temperatur, der er lavere end den gennemsnitlige natlige tempetur p\u00e5 overnatningstidspunktet. Hvis vi skal sove i telt, skal dit barn ogs\u00e5 have et liggeunderlag med. <\/p>\n<\/div>\n<\/div>\n\n\n\n<div class=\"wp-block-columns is-layout-flex wp-container-core-columns-is-layout-28f84493 wp-block-columns-is-layout-flex\">\n<div class=\"wp-block-column is-layout-flow wp-block-column-is-layout-flow\" style=\"flex-basis:66.66%\">\n<p><strong>Specielle hensyn<\/strong><br>Det er vigtigt, at lederne bliver oplyst, hvis der er specielle hensyn, der skal tages til barnet. Specielle hensyn er ting som allergier, v\u00e5dligger, medicin, lus eller lignende. <br>Skriv det p\u00e5 tilmeldingen og fort\u00e6l det til en leder om det f\u00f8r afrejsen &#8211; ogs\u00e5 selvom du har fortalt om forholdende tidligere. Vi har mange b\u00f8rn at holde styr p\u00e5, og det er ikke sikkert det er de samme ledere er med hver eneste gang. <\/p>\n<\/div>\n\n\n\n<div class=\"wp-block-column is-layout-flow wp-block-column-is-layout-flow\" style=\"flex-basis:33.33%\"><\/div>\n<\/div>\n\n\n\n<div class=\"wp-block-columns is-layout-flex wp-container-core-columns-is-layout-28f84493 wp-block-columns-is-layout-flex\">\n<div class=\"wp-block-column is-layout-flow wp-block-column-is-layout-flow\" style=\"flex-basis:33.33%\"><\/div>\n\n\n\n<div class=\"wp-block-column is-layout-flow wp-block-column-is-layout-flow\" style=\"flex-basis:66.66%\">\n<p><strong>Kontakt<\/strong><br>Der vil altid v\u00e6re et telefonnummer, som du kan kontakte os p\u00e5, n\u00e5r vi er p\u00e5 lejr. Det er typisk en leders, men det ikke sikkert at telefonen svares lige med det samme. Skriv eller l\u00e6g en besked til os, s\u00e5 vender vi retur hurtigst muligt. <\/p>\n<\/div>\n<\/div>\n","protected":false},"excerpt":{"rendered":"<p>Lejrture er noget af det bedste vi har i FDF. Det er her, vi f\u00e5r de store oplevelser. Det er her, der er mulighed for at lave st\u00f8rre ting, der tager lidt mere end den 1\u00bd time, vi har til r\u00e5dighed ved de ugentlige m\u00f8der. Vi er sammen l\u00e6nge og l\u00e6rer hinanden godt at kende. [&hellip;]<\/p>\n","protected":false},"author":1,"featured_media":0,"parent":0,"menu_order":0,"comment_status":"closed","ping_status":"closed","template":"","meta":{"footnotes":""},"class_list":["post-550","page","type-page","status-publish","hentry"],"_links":{"self":[{"href":"https:\/\/fdf-tst.dk\/index.php\/wp-json\/wp\/v2\/pages\/550","targetHints":{"allow":["GET"]}}],"collection":[{"href":"https:\/\/fdf-tst.dk\/index.php\/wp-json\/wp\/v2\/pages"}],"about":[{"href":"https:\/\/fdf-tst.dk\/index.php\/wp-json\/wp\/v2\/types\/page"}],"author":[{"embeddable":true,"href":"https:\/\/fdf-tst.dk\/index.php\/wp-json\/wp\/v2\/users\/1"}],"replies":[{"embeddable":true,"href":"https:\/\/fdf-tst.dk\/index.php\/wp-json\/wp\/v2\/comments?post=550"}],"version-history":[{"count":4,"href":"https:\/\/fdf-tst.dk\/index.php\/wp-json\/wp\/v2\/pages\/550\/revisions"}],"predecessor-version":[{"id":565,"href":"https:\/\/fdf-tst.dk\/index.php\/wp-json\/wp\/v2\/pages\/550\/revisions\/565"}],"wp:attachment":[{"href":"https:\/\/fdf-tst.dk\/index.php\/wp-json\/wp\/v2\/media?parent=550"}],"curies":[{"name":"wp","href":"https:\/\/api.w.org\/{rel}","templated":true}]}}