{"id":560,"date":"2025-08-21T06:55:41","date_gmt":"2025-08-21T06:55:41","guid":{"rendered":"https:\/\/fdf-tst.dk\/?page_id=560"},"modified":"2025-08-21T12:32:50","modified_gmt":"2025-08-21T12:32:50","slug":"hjemve","status":"publish","type":"page","link":"https:\/\/fdf-tst.dk\/index.php\/hjemve\/","title":{"rendered":"Hjemve"},"content":{"rendered":"\n<p>Som for\u00e6ldre, er I det allervigtigste i jeres b\u00f8rns liv. Derfor savner de jer, n\u00e5r de er v\u00e6k hjemmefra i l\u00e6ngere tid end s\u00e6dvanligt. Hjemve er et udtryk for al den gl\u00e6de og k\u00e6rlighed jeres b\u00f8rn har til jer, der ikke helt har et sted at v\u00e6re, n\u00e5r i ikke er der. Det er alts\u00e5 ikke en ond ting eller noget farligt, men noget helt naturligt. Hjemve bliver f\u00f8rst et problem n\u00e5r vi h\u00e5ndterer det p\u00e5 en uhensigtsm\u00e6ssig m\u00e5de.<\/p>\n\n\n\n<div class=\"wp-block-columns is-layout-flex wp-container-core-columns-is-layout-28f84493 wp-block-columns-is-layout-flex\">\n<div class=\"wp-block-column is-layout-flow wp-block-column-is-layout-flow\" style=\"flex-basis:33.33%\"><\/div>\n\n\n\n<div class=\"wp-block-column is-layout-flow wp-block-column-is-layout-flow\" style=\"flex-basis:66.66%\">\n<p>Hjemve opst\u00e5r is\u00e6r n\u00e5r man f\u00e5r tid til at t\u00e6nke over, at ens for\u00e6ldre ikke er der. Oftest i soveposen inden man sover, eller sidst p\u00e5 lejren, n\u00e5r man er lidt tr\u00e6t og m\u00e5ske sidder og slapper lidt af for sig selv. Nogle ting kan forv\u00e6rre hjemve. Eksempelvis, hvis man taler i telefon med sine for\u00e6ldre eller de kommer forbi p\u00e5 bes\u00f8g inden lejren er slut. Det giver b\u00f8rn en falsk f\u00f8lelse af, at for\u00e6ldrene er der, og savnet opst\u00e5r n\u00e5r man \u201cl\u00e6gger p\u00e5\u201d eller vinker farvel, og vil ofte v\u00e6re langt st\u00f8rre end det, der var der f\u00f8r.<\/p>\n<\/div>\n<\/div>\n\n\n\n<div class=\"wp-block-columns is-layout-flex wp-container-core-columns-is-layout-28f84493 wp-block-columns-is-layout-flex\">\n<div class=\"wp-block-column is-layout-flow wp-block-column-is-layout-flow\" style=\"flex-basis:66.66%\">\n<p><strong>Hvad g\u00f8r lederne i FDF s\u00e5 for at forhindre hjemve?<br><\/strong>I FDF starter ens lederuddannelse allerede i 15-16 \u00e5rsalderen. Derfor har alle lederne i kredsen stor erfaring, ogs\u00e5 med b\u00f8rn der har hjemve. Som udgangspunkt sikrer vi, at der altid er aktiviteter for b\u00f8rnene, s\u00e5 tankerne g\u00e5r p\u00e5 glade ting i legen med vennerne og m\u00f8det med lederne. Der er altid en n\u00e6rv\u00e6rende voksen til stede, der kan byde ind med hyggelig snak, sjov leg, eller lidt omsorg, hvis det er det, der er brug for.<\/p>\n<\/div>\n\n\n\n<div class=\"wp-block-column is-layout-flow wp-block-column-is-layout-flow\" style=\"flex-basis:33.33%\"><\/div>\n<\/div>\n\n\n\n<div class=\"wp-block-columns is-layout-flex wp-container-core-columns-is-layout-28f84493 wp-block-columns-is-layout-flex\">\n<div class=\"wp-block-column is-layout-flow wp-block-column-is-layout-flow\" style=\"flex-basis:33.33%\"><\/div>\n\n\n\n<div class=\"wp-block-column is-layout-flow wp-block-column-is-layout-flow\" style=\"flex-basis:66.66%\">\n<p>Desuden tager vi det meget seri\u00f8st, at jeres b\u00f8rn er glade og trives. Vi snakker altid lederne imellem om hvordan det g\u00e5r n\u00e5r vi er p\u00e5 tur og i det daglige, og om der er nogen, der kunne bruge lidt hvile eller ekstra omsorg. Desuden er der altid ledere tilstede ved sovetid, indtil b\u00f8rnene sover.<\/p>\n<\/div>\n<\/div>\n\n\n\n<div class=\"wp-block-columns is-layout-flex wp-container-core-columns-is-layout-28f84493 wp-block-columns-is-layout-flex\">\n<div class=\"wp-block-column is-layout-flow wp-block-column-is-layout-flow\" style=\"flex-basis:66.66%\">\n<p><strong>Hvad kan i som for\u00e6ldre g\u00f8re?<\/strong><br>Der er nogle gode r\u00e5d, som i for\u00e6ldre b\u00f8r benytte jer af.<\/p>\n\n\n\n<p><strong>Undlad at ringe: <\/strong>Vi ved godt, at i ogs\u00e5 savner jeres b\u00f8rn, men det er forstyrrende for vores aktiviteter og det forv\u00e6rrer oftest hjemveen betragteligt. Vi fors\u00f8ger at opdatere jer s\u00e5 meget som muligt derhjemme n\u00e5r vi er p\u00e5 tur, s\u00e5 i kan f\u00f8lge med. Men husk, at intet nyt er godt nyt.<\/p>\n<\/div>\n\n\n\n<div class=\"wp-block-column is-layout-flow wp-block-column-is-layout-flow\" style=\"flex-basis:33.33%\"><\/div>\n<\/div>\n\n\n\n<div class=\"wp-block-columns is-layout-flex wp-container-core-columns-is-layout-28f84493 wp-block-columns-is-layout-flex\">\n<div class=\"wp-block-column is-layout-flow wp-block-column-is-layout-flow\" style=\"flex-basis:33.33%\"><\/div>\n\n\n\n<div class=\"wp-block-column is-layout-flow wp-block-column-is-layout-flow\" style=\"flex-basis:66.66%\">\n<p><strong>Forbered jeres b\u00f8rn:<\/strong> Tag en snak med b\u00f8rnene om, at det er helt ok at have hjemve. L\u00e6r dem, at n\u00e5r de f\u00e5r det, skal de tage fat i en leder, for at blive tr\u00f8stet. I b\u00f8r ikke love dem ting som \u201chvis du bliver ked af det eller f\u00e5r hjemve kommer jeg og henter dig\u201d. Hvis barnet f\u00f8rst har h\u00f8rt dette, er det den eneste l\u00f8sningsmulighed de kan acceptere og s\u00e5 er det umuligt for os ledere at tr\u00f8ste p\u00e5 nogen m\u00e5de. En s\u00e5dan besked \u00f8ger risikoen for at jeres barn kommer hjem f\u00f8r tid.<\/p>\n<\/div>\n<\/div>\n\n\n\n<div class=\"wp-block-columns is-layout-flex wp-container-core-columns-is-layout-28f84493 wp-block-columns-is-layout-flex\">\n<div class=\"wp-block-column is-layout-flow wp-block-column-is-layout-flow\" style=\"flex-basis:66.66%\">\n<p><strong>Tal om brug af mobil:<\/strong> Mange b\u00f8rn har mobiler og andre elektroniske enheder og vi oplever af og til, at kulturen har drejet imod, at b\u00f8rn ringer hjem i smug, i stedet for at g\u00e5 til en leder.<br>Udover at det undergraver det tillidsforhold der opbygges mellem b\u00f8rn og ledere i FDF, s\u00e5 skaber det ogs\u00e5 en usund kultur, hvor man ikke s\u00f8ger at l\u00f8se sine problemer hvor de opst\u00e5r, men altid l\u00e6gger dem over p\u00e5 for\u00e6ldrene. Det tror vi ikke p\u00e5 er sundt for et barns udvikling. Vi henstiller til, at b\u00f8rnene ikke har telefon eller andre enheder med. <\/p>\n<\/div>\n\n\n\n<div class=\"wp-block-column is-layout-flow wp-block-column-is-layout-flow\" style=\"flex-basis:33.33%\"><\/div>\n<\/div>\n\n\n\n<p>Vi gl\u00e6der os altid til at tage p\u00e5 tur og lejr med jeres b\u00f8rn. Og vi vil dem kun det bedste \ud83d\ude42<\/p>\n","protected":false},"excerpt":{"rendered":"<p>Som for\u00e6ldre, er I det allervigtigste i jeres b\u00f8rns liv. Derfor savner de jer, n\u00e5r de er v\u00e6k hjemmefra i l\u00e6ngere tid end s\u00e6dvanligt. Hjemve er et udtryk for al den gl\u00e6de og k\u00e6rlighed jeres b\u00f8rn har til jer, der ikke helt har et sted at v\u00e6re, n\u00e5r i ikke er der. Det er alts\u00e5 [&hellip;]<\/p>\n","protected":false},"author":1,"featured_media":0,"parent":0,"menu_order":0,"comment_status":"closed","ping_status":"closed","template":"","meta":{"footnotes":""},"class_list":["post-560","page","type-page","status-publish","hentry"],"_links":{"self":[{"href":"https:\/\/fdf-tst.dk\/index.php\/wp-json\/wp\/v2\/pages\/560","targetHints":{"allow":["GET"]}}],"collection":[{"href":"https:\/\/fdf-tst.dk\/index.php\/wp-json\/wp\/v2\/pages"}],"about":[{"href":"https:\/\/fdf-tst.dk\/index.php\/wp-json\/wp\/v2\/types\/page"}],"author":[{"embeddable":true,"href":"https:\/\/fdf-tst.dk\/index.php\/wp-json\/wp\/v2\/users\/1"}],"replies":[{"embeddable":true,"href":"https:\/\/fdf-tst.dk\/index.php\/wp-json\/wp\/v2\/comments?post=560"}],"version-history":[{"count":3,"href":"https:\/\/fdf-tst.dk\/index.php\/wp-json\/wp\/v2\/pages\/560\/revisions"}],"predecessor-version":[{"id":567,"href":"https:\/\/fdf-tst.dk\/index.php\/wp-json\/wp\/v2\/pages\/560\/revisions\/567"}],"wp:attachment":[{"href":"https:\/\/fdf-tst.dk\/index.php\/wp-json\/wp\/v2\/media?parent=560"}],"curies":[{"name":"wp","href":"https:\/\/api.w.org\/{rel}","templated":true}]}}