{"id":689,"date":"2025-11-15T22:25:35","date_gmt":"2025-11-15T21:25:35","guid":{"rendered":"https:\/\/fdf-tst.dk\/?page_id=689"},"modified":"2025-11-15T22:25:35","modified_gmt":"2025-11-15T21:25:35","slug":"hent-julemanden","status":"publish","type":"page","link":"https:\/\/fdf-tst.dk\/index.php\/hent-julemanden\/","title":{"rendered":"Hent julemanden"},"content":{"rendered":"\n<p>L\u00f8rdag d. 29. november hentes julemanden fra Tommerup Station kl. 12. <br>Herefter g\u00e5r vi i samlet flok til torvet, hvor FDF Brass Band Odense st\u00e5r klar til at spille et par julesange, mens b\u00f8rn og barnlige sj\u00e6le danser omkring juletr\u00e6et. <\/p>\n\n\n\n<div class=\"wp-block-columns is-layout-flex wp-container-core-columns-is-layout-28f84493 wp-block-columns-is-layout-flex\">\n<div class=\"wp-block-column is-layout-flow wp-block-column-is-layout-flow\" style=\"flex-basis:66.66%\">\n<p>N\u00e5r juletr\u00e6et er t\u00e6ndt, kan b\u00f8rnene f\u00e5 en gratis slikpose af julemanden, mens der serveres \u00e6bleskiver og gl\u00f6gg. <\/p>\n<\/div>\n\n\n\n<div class=\"wp-block-column is-layout-flow wp-block-column-is-layout-flow\"><\/div>\n\n\n\n<div class=\"wp-block-column is-layout-flow wp-block-column-is-layout-flow\"><\/div>\n\n\n\n<div class=\"wp-block-column is-layout-flow wp-block-column-is-layout-flow\" style=\"flex-basis:33.33%\">\n<figure class=\"wp-block-image size-full\"><img loading=\"lazy\" decoding=\"async\" width=\"483\" height=\"431\" src=\"https:\/\/fdf-tst.dk\/wp-content\/uploads\/2025\/11\/Julemandbillede.png\" alt=\"\" class=\"wp-image-690\" srcset=\"https:\/\/fdf-tst.dk\/wp-content\/uploads\/2025\/11\/Julemandbillede.png 483w, https:\/\/fdf-tst.dk\/wp-content\/uploads\/2025\/11\/Julemandbillede-300x268.png 300w\" sizes=\"auto, (max-width: 483px) 100vw, 483px\" \/><\/figure>\n<\/div>\n<\/div>\n\n\n\n<div class=\"wp-block-columns is-layout-flex wp-container-core-columns-is-layout-28f84493 wp-block-columns-is-layout-flex\">\n<div class=\"wp-block-column is-layout-flow wp-block-column-is-layout-flow\" style=\"flex-basis:66.66%\">\n<div data-wp-interactive=\"core\/file\" class=\"wp-block-file\"><object data-wp-bind--hidden=\"!state.hasPdfPreview\" hidden class=\"wp-block-file__embed\" data=\"https:\/\/fdf-tst.dk\/wp-content\/uploads\/2025\/11\/Julesange2025.pdf\" type=\"application\/pdf\" style=\"width:100%;height:600px\" aria-label=\"Embed Julesange2025.\"><\/object><a id=\"wp-block-file--media-164e73e5-664e-431d-abee-29cd7ac73528\" href=\"https:\/\/fdf-tst.dk\/wp-content\/uploads\/2025\/11\/Julesange2025.pdf\">Julesange2025<\/a><a href=\"https:\/\/fdf-tst.dk\/wp-content\/uploads\/2025\/11\/Julesange2025.pdf\" class=\"wp-block-file__button wp-element-button\" download aria-describedby=\"wp-block-file--media-164e73e5-664e-431d-abee-29cd7ac73528\">Download<\/a><\/div>\n<\/div>\n<\/div>\n\n\n\n<div class=\"wp-block-columns is-layout-flex wp-container-core-columns-is-layout-28f84493 wp-block-columns-is-layout-flex\">\n<div class=\"wp-block-column is-layout-flow wp-block-column-is-layout-flow\" style=\"flex-basis:33.33%\"><\/div>\n\n\n\n<div class=\"wp-block-column is-layout-flow wp-block-column-is-layout-flow\" style=\"flex-basis:66.66%\">\n<figure class=\"wp-block-image size-full\"><img loading=\"lazy\" decoding=\"async\" width=\"517\" height=\"735\" src=\"https:\/\/fdf-tst.dk\/wp-content\/uploads\/2025\/11\/image-1.png\" alt=\"\" class=\"wp-image-692\" srcset=\"https:\/\/fdf-tst.dk\/wp-content\/uploads\/2025\/11\/image-1.png 517w, https:\/\/fdf-tst.dk\/wp-content\/uploads\/2025\/11\/image-1-211x300.png 211w\" sizes=\"auto, (max-width: 517px) 100vw, 517px\" \/><\/figure>\n<\/div>\n<\/div>\n","protected":false},"excerpt":{"rendered":"<p>L\u00f8rdag d. 29. november hentes julemanden fra Tommerup Station kl. 12. Herefter g\u00e5r vi i samlet flok til torvet, hvor FDF Brass Band Odense st\u00e5r klar til at spille et par julesange, mens b\u00f8rn og barnlige sj\u00e6le danser omkring juletr\u00e6et. N\u00e5r juletr\u00e6et er t\u00e6ndt, kan b\u00f8rnene f\u00e5 en gratis slikpose af julemanden, mens der serveres [&hellip;]<\/p>\n","protected":false},"author":1,"featured_media":0,"parent":0,"menu_order":0,"comment_status":"closed","ping_status":"closed","template":"","meta":{"footnotes":""},"class_list":["post-689","page","type-page","status-publish","hentry"],"_links":{"self":[{"href":"https:\/\/fdf-tst.dk\/index.php\/wp-json\/wp\/v2\/pages\/689","targetHints":{"allow":["GET"]}}],"collection":[{"href":"https:\/\/fdf-tst.dk\/index.php\/wp-json\/wp\/v2\/pages"}],"about":[{"href":"https:\/\/fdf-tst.dk\/index.php\/wp-json\/wp\/v2\/types\/page"}],"author":[{"embeddable":true,"href":"https:\/\/fdf-tst.dk\/index.php\/wp-json\/wp\/v2\/users\/1"}],"replies":[{"embeddable":true,"href":"https:\/\/fdf-tst.dk\/index.php\/wp-json\/wp\/v2\/comments?post=689"}],"version-history":[{"count":1,"href":"https:\/\/fdf-tst.dk\/index.php\/wp-json\/wp\/v2\/pages\/689\/revisions"}],"predecessor-version":[{"id":694,"href":"https:\/\/fdf-tst.dk\/index.php\/wp-json\/wp\/v2\/pages\/689\/revisions\/694"}],"wp:attachment":[{"href":"https:\/\/fdf-tst.dk\/index.php\/wp-json\/wp\/v2\/media?parent=689"}],"curies":[{"name":"wp","href":"https:\/\/api.w.org\/{rel}","templated":true}]}}